{"id":3,"date":"2025-09-06T08:58:34","date_gmt":"2025-09-06T06:58:34","guid":{"rendered":"http:\/\/www.edenvilla.com\/?page_id=3"},"modified":"2025-09-22T14:20:27","modified_gmt":"2025-09-22T12:20:27","slug":"politique-de-confidentialite","status":"publish","type":"page","link":"https:\/\/eden-villa.com\/index.php\/politique-de-confidentialite\/","title":{"rendered":"Politique de confidentialit\u00e9"},"content":{"rendered":"\t\t<div data-elementor-type=\"wp-page\" data-elementor-id=\"3\" class=\"elementor elementor-3\">\n\t\t\t\t<div class=\"elementor-element elementor-element-38b25891 e-flex e-con-boxed e-con e-parent\" data-id=\"38b25891\" data-element_type=\"container\">\n\t\t\t\t\t<div class=\"e-con-inner\">\n\t\t\t\t<div class=\"elementor-element elementor-element-a436d35 elementor-widget elementor-widget-heading\" data-id=\"a436d35\" data-element_type=\"widget\" data-widget_type=\"heading.default\">\n\t\t\t\t\t<h2 class=\"elementor-heading-title elementor-size-default\"><h1 class=\"font_4 wixui-rich-text__text\" style=\"background: transparent;font-style: normal;font-weight: 400;font-size: 25px;line-height: normal;font-family: brandon-grot-w01-light, sans-serif;text-align: center\">Politique de confidentialit\u00e9<\/h1><\/h2>\t\t\t\t<\/div>\n\t\t\t\t\t<\/div>\n\t\t\t\t<\/div>\n\t\t<div class=\"elementor-element elementor-element-440e74d e-flex e-con-boxed e-con e-parent\" data-id=\"440e74d\" data-element_type=\"container\">\n\t\t\t\t\t<div class=\"e-con-inner\">\n\t\t\t\t<div class=\"elementor-element elementor-element-533f364 elementor-widget elementor-widget-text-editor\" data-id=\"533f364\" data-element_type=\"widget\" data-widget_type=\"text-editor.default\">\n\t\t\t\t\t\t\t\t\tLa confidentialit\u00e9 de vos informations personnelles est importante pour nous. C&rsquo;est pourquoi nous vous informons sur la mani\u00e8re dont nous recueillons, utilisons, partageons et stockons vos donn\u00e9es.<br\/>\nDerni\u00e8re mise \u00e0 jour :\u00a0 03 Juillet 2025\t\t\t\t\t\t\t\t<\/div>\n\t\t\t\t<div class=\"elementor-element elementor-element-ee294d9 elementor-widget elementor-widget-heading\" data-id=\"ee294d9\" data-element_type=\"widget\" data-widget_type=\"heading.default\">\n\t\t\t\t\t<h2 class=\"elementor-heading-title elementor-size-default\">1. Responsable du traitement<\/h2>\t\t\t\t<\/div>\n\t\t\t\t<div class=\"elementor-element elementor-element-223dfe1 elementor-widget elementor-widget-text-editor\" data-id=\"223dfe1\" data-element_type=\"widget\" data-widget_type=\"text-editor.default\">\n\t\t\t\t\t\t\t\t\t<p>Les donn\u00e9es sont collect\u00e9es par\u00a0<span style=\"text-decoration: underline;\"><a>eden-villa.com<\/a><\/span>, accessible \u00e0 l&rsquo;adresse :<br \/>contact :\u00a0<span style=\"text-decoration: underline;\"><a>villaeden.aveyron@gmail.com<\/a><\/span><\/p>\t\t\t\t\t\t\t\t<\/div>\n\t\t\t\t<div class=\"elementor-element elementor-element-67ea5b6 elementor-widget elementor-widget-heading\" data-id=\"67ea5b6\" data-element_type=\"widget\" data-widget_type=\"heading.default\">\n\t\t\t\t\t<h2 class=\"elementor-heading-title elementor-size-default\">2. Donn\u00e9es collect\u00e9es<\/h2>\t\t\t\t<\/div>\n\t\t\t\t<div class=\"elementor-element elementor-element-faf526e elementor-widget elementor-widget-text-editor\" data-id=\"faf526e\" data-element_type=\"widget\" data-widget_type=\"text-editor.default\">\n\t\t\t\t\t\t\t\t\t<p>Lorsque vous utilisez le formulaire de contact, nous collectons les informations suivantes :<\/p>\n<ul>\n<li><span style=\"font-size: 16px;\">Nom<\/span><\/li>\n<li>Adresse<\/li>\n<li>e-mail Message<\/li>\n<\/ul>\n<p>Ces donn\u00e9es sont utilis\u00e9es uniquement pour vous r\u00e9pondre et ne sont jamais partag\u00e9es avec des tiers.<\/p>\t\t\t\t\t\t\t\t<\/div>\n\t\t\t\t<div class=\"elementor-element elementor-element-1bb34c1 elementor-widget elementor-widget-heading\" data-id=\"1bb34c1\" data-element_type=\"widget\" data-widget_type=\"heading.default\">\n\t\t\t\t\t<h2 class=\"elementor-heading-title elementor-size-default\">3. Cookies<\/h2>\t\t\t\t<\/div>\n\t\t\t\t<div class=\"elementor-element elementor-element-3bc83d3 elementor-widget elementor-widget-text-editor\" data-id=\"3bc83d3\" data-element_type=\"widget\" data-widget_type=\"text-editor.default\">\n\t\t\t\t\t\t\t\t\t<p>Le site peut utiliser des cookies strictement n\u00e9cessaires \u00e0 son bon fonctionnement (statistiques de visite de base via Wix). Vous pouvez les g\u00e9rer via les param\u00e8tres de votre navigateur.<\/p>\t\t\t\t\t\t\t\t<\/div>\n\t\t\t\t<div class=\"elementor-element elementor-element-c930996 elementor-widget elementor-widget-heading\" data-id=\"c930996\" data-element_type=\"widget\" data-widget_type=\"heading.default\">\n\t\t\t\t\t<h2 class=\"elementor-heading-title elementor-size-default\">4. Conservation des donn\u00e9es<\/h2>\t\t\t\t<\/div>\n\t\t\t\t<div class=\"elementor-element elementor-element-f7d798e elementor-widget elementor-widget-text-editor\" data-id=\"f7d798e\" data-element_type=\"widget\" data-widget_type=\"text-editor.default\">\n\t\t\t\t\t\t\t\t\t<p>Les donn\u00e9es collect\u00e9es via le formulaire sont conserv\u00e9es pendant la dur\u00e9e n\u00e9cessaire au traitement de votre demande, et au maximum 12 mois.<\/p>\t\t\t\t\t\t\t\t<\/div>\n\t\t\t\t<div class=\"elementor-element elementor-element-5ffcbed elementor-widget elementor-widget-heading\" data-id=\"5ffcbed\" data-element_type=\"widget\" data-widget_type=\"heading.default\">\n\t\t\t\t\t<h2 class=\"elementor-heading-title elementor-size-default\">5. Vos droits<\/h2>\t\t\t\t<\/div>\n\t\t\t\t<div class=\"elementor-element elementor-element-cbc8739 elementor-widget elementor-widget-text-editor\" data-id=\"cbc8739\" data-element_type=\"widget\" data-widget_type=\"text-editor.default\">\n\t\t\t\t\t\t\t\t\t<p>Conform\u00e9ment au RGPD, vous avez le droit d\u2019acc\u00e8s, de rectification, d\u2019opposition et de suppression de vos donn\u00e9es.<br \/>Pour exercer vos droits :\u00a0<span style=\"text-decoration: underline;\"><a>villaeden.aveyron@gmail.com<\/a><\/span><\/p>\t\t\t\t\t\t\t\t<\/div>\n\t\t\t\t<div class=\"elementor-element elementor-element-6c38fad elementor-widget elementor-widget-heading\" data-id=\"6c38fad\" data-element_type=\"widget\" data-widget_type=\"heading.default\">\n\t\t\t\t\t<h2 class=\"elementor-heading-title elementor-size-default\">6. S\u00e9curit\u00e9<\/h2>\t\t\t\t<\/div>\n\t\t\t\t<div class=\"elementor-element elementor-element-c9279a0 elementor-widget elementor-widget-text-editor\" data-id=\"c9279a0\" data-element_type=\"widget\" data-widget_type=\"text-editor.default\">\n\t\t\t\t\t\t\t\t\t<p>Vos donn\u00e9es sont h\u00e9berg\u00e9es et s\u00e9curis\u00e9es via les serveurs de Wix.com, qui respecte les normes de s\u00e9curit\u00e9 en vigueur.<\/p>\t\t\t\t\t\t\t\t<\/div>\n\t\t\t\t\t<\/div>\n\t\t\t\t<\/div>\n\t\t<div class=\"elementor-element elementor-element-dd0a937 e-con-full e-flex e-con e-parent\" data-id=\"dd0a937\" data-element_type=\"container\" data-settings=\"{&quot;background_background&quot;:&quot;classic&quot;}\">\n\t\t\t\t<div class=\"elementor-element elementor-element-5fd2117 elementor-widget elementor-widget-text-editor\" data-id=\"5fd2117\" data-element_type=\"widget\" data-widget_type=\"text-editor.default\">\n\t\t\t\t\t\t\t\t\t<div style=\"font-family: 'Brandon Grotesque', sans-serif; font-size: 25px; color: #242323; font-weight: 200;\">CONTACT<\/div>\t\t\t\t\t\t\t\t<\/div>\n\t\t<div class=\"elementor-element elementor-element-b756a66 e-con-full e-flex e-con e-child\" data-id=\"b756a66\" data-element_type=\"container\">\n\t\t\t\t<div class=\"elementor-element elementor-element-5a9a276 elementor-widget elementor-widget-text-editor\" data-id=\"5a9a276\" data-element_type=\"widget\" data-widget_type=\"text-editor.default\">\n\t\t\t\t\t\t\t\t\t<div id=\"comp-ishoi88h\" class=\"Z_l5lU ku3DBC zQ9jDz qvSjx3 Vq6kJx comp-ishoi88h wixui-rich-text\" data-testid=\"richTextElement\"><p class=\"font_8 wixui-rich-text__text\"><span class=\"wixui-rich-text__text\"><a class=\"wixui-rich-text__text\" href=\"mailto:villaeden.aveyron@gmail.com\" data-auto-recognition=\"true\">villaeden.aveyron@gmail.com<\/a><\/span><\/p><\/div>\t\t\t\t\t\t\t\t<\/div>\n\t\t\t\t<div class=\"elementor-element elementor-element-1b7d4de elementor-widget elementor-widget-text-editor\" data-id=\"1b7d4de\" data-element_type=\"widget\" data-widget_type=\"text-editor.default\">\n\t\t\t\t\t\t\t\t\t<div id=\"comp-ishoi88h\" class=\"Z_l5lU ku3DBC zQ9jDz qvSjx3 Vq6kJx comp-ishoi88h wixui-rich-text\" data-testid=\"richTextElement\"><p class=\"font_8 wixui-rich-text__text\"><span class=\"wixui-rich-text__text\">7, Rue de la Crouzette &#8211; 12 160 MOYRAZES<\/span><\/p><\/div>\t\t\t\t\t\t\t\t<\/div>\n\t\t\t\t<div class=\"elementor-element elementor-element-2726a2c elementor-widget elementor-widget-text-editor\" data-id=\"2726a2c\" data-element_type=\"widget\" data-widget_type=\"text-editor.default\">\n\t\t\t\t\t\t\t\t\t<div id=\"comp-ishoi88h\" class=\"Z_l5lU ku3DBC zQ9jDz qvSjx3 Vq6kJx comp-ishoi88h wixui-rich-text\" data-testid=\"richTextElement\"><p class=\"font_8 wixui-rich-text__text\">T\u00e9l : 06 34 68 97 07<\/p><\/div>\t\t\t\t\t\t\t\t<\/div>\n\t\t\t\t<\/div>\n\t\t<div class=\"elementor-element elementor-element-5946f6c e-flex e-con-boxed e-con e-child\" data-id=\"5946f6c\" data-element_type=\"container\">\n\t\t\t\t\t<div class=\"e-con-inner\">\n\t\t\t\t<div class=\"elementor-element elementor-element-063512f elementor-widget elementor-widget-shortcode\" data-id=\"063512f\" data-element_type=\"widget\" data-widget_type=\"shortcode.default\">\n\t\t\t\t\t\t\t<div class=\"elementor-shortcode\">\n\t\t\t<form id=\"sib_signup_form_2\" method=\"post\" class=\"sib_signup_form\">\n\t\t\t\t<div class=\"sib_loader\" style=\"display:none;\"><img\n\t\t\t\t\t\t\tsrc=\"https:\/\/eden-villa.com\/wp-includes\/images\/spinner.gif\" alt=\"loader\"><\/div>\n\t\t\t\t<input type=\"hidden\" name=\"sib_form_action\" value=\"subscribe_form_submit\">\n\t\t\t\t<input type=\"hidden\" name=\"sib_form_id\" value=\"2\">\n                <input type=\"hidden\" name=\"sib_form_alert_notice\" value=\"Remplissez ce champ s\u2019il vous pla\u00eet\">\n                <input type=\"hidden\" name=\"sib_form_invalid_email_notice\" value=\"Cette adresse email n&#039;est pas valide\">\n                <input type=\"hidden\" name=\"sib_security\" value=\"bda90cadfb\">\n\t\t\t\t<div class=\"sib_signup_box_inside_2\">\n\t\t\t\t\t<div style=\"\/*display:none*\/\" class=\"sib_msg_disp\">\n\t\t\t\t\t<\/div>\n                    \t\t\t\t\t  <div class=\"prenom-numero\">\r\n    <p class=\"sib-LASTNAME-area\">\r\n      <input type=\"text\" name=\"LASTNAME\" placeholder=\"Pr\u00e9nom\">\r\n    <\/p>\r\n\r\n    <p class=\"sib-NUMERO-area\">\r\n      <input type=\"text\" name=\"NUMERO\" placeholder=\"Num\u00e9ro\">\r\n    <\/p>\r\n  <\/div>\r\n<br \/>\r\n  <p class=\"sib-email-area\">\r\n    <input type=\"email\" name=\"email\" placeholder=\"E-mail\" required>\r\n  <\/p>\r\n<br \/>\r\n  <p class=\"sib-MESSAGE-area\">\r\n    <textarea name=\"MESSAGE\"><\/textarea>\r\n  <\/p>\r\n\r\n  <p>\r\n    <input type=\"submit\" class=\"sib-default-btn\" value=\"Envoyer\">\r\n  <\/p>\t\t\t\t<\/div>\n\t\t\t<\/form>\n\t\t\t<style>\n\t\t\t\t\/* ---- CONTENEUR GLOBAL ---- *\/ form { max-width: 1500px; margin: 40px auto; background:#FCFCFC; padding: 20px; box-sizing: border-box; font-family: &quot;Times New Roman&quot;, serif; } \/* ---- LIGNES DU FORMULAIRE ---- *\/ form p { margin: 10px 0; } \/* ---- CHAMPS GENERAUX ---- *\/ form input[type=&quot;text&quot;], form input[type=&quot;email&quot;], form textarea { width: 100%; padding: 8px; border: 1px solid #999; box-sizing: border-box; font-size: 15px; background: #fff; } \/* Email avec bordure rouge quand invalide *\/ form input[type=&quot;email&quot;]:invalid { border: 1px solid red; } \/* ---- PR\u00c9NOM + NUM\u00c9RO SUR LA M\u00caME LIGNE ---- *\/ .prenom-numero { display: flex; \/* Met les 2 champs c\u00f4te \u00e0 c\u00f4te *\/ gap: 4%; \/* Espacement horizontal *\/ } .prenom-numero p { flex: 1; \/* Les deux colonnes prennent la m\u00eame largeur *\/ margin: 0; \/* Supprime la marge verticale inutile *\/ } \/* ---- ZONE MESSAGE ---- *\/ .sib-MESSAGE-area textarea { min-height: 100px; resize: vertical; } \/* ---- BOUTON ---- *\/ .sib-default-btn { display: block; margin: 20px auto 0; padding: 8px 18px; font-style: italic; font-size: 16px; color: black;border: none; cursor: pointer; } .sib-default-btn:hover { color : #bebbbf; } input.sib-default-btn { color: #515962; } input[type=&quot;text&quot;], input[type=&quot;number&quot;], input[type=&quot;email&quot;], input[type=&quot;url&quot;], input[type=&quot;password&quot;], input[type=&quot;search&quot;], input[type=reset], input[type=tel], input[type=date], select { height: 40px; border: 1px solid black!important; } .sib-MESSAGE-area textarea { min-height: 100px; resize: vertical; border: 1px solid black; }form#sib_signup_form_2 p.sib-alert-message {\n    padding: 6px 12px;\n    margin-bottom: 20px;\n    border: 1px solid transparent;\n    border-radius: 4px;\n    -webkit-box-sizing: border-box;\n    -moz-box-sizing: border-box;\n    box-sizing: border-box;\n}\nform#sib_signup_form_2 p.sib-alert-message-error {\n    background-color: #f2dede;\n    border-color: #ebccd1;\n    color: #a94442;\n}\nform#sib_signup_form_2 p.sib-alert-message-success {\n    background-color: #dff0d8;\n    border-color: #d6e9c6;\n    color: #3c763d;\n}\nform#sib_signup_form_2 p.sib-alert-message-warning {\n    background-color: #fcf8e3;\n    border-color: #faebcc;\n    color: #8a6d3b;\n}\n\t\t\t<\/style>\n\t\t\t<\/div>\n\t\t\t\t\t\t<\/div>\n\t\t\t\t\t<\/div>\n\t\t\t\t<\/div>\n\t\t\t\t<\/div>\n\t\t<div class=\"elementor-element elementor-element-3fb5042 e-con-full e-flex e-con e-parent\" data-id=\"3fb5042\" data-element_type=\"container\">\n\t\t\t\t<div class=\"elementor-element elementor-element-2f9e897 elementor-widget elementor-widget-google_maps\" data-id=\"2f9e897\" data-element_type=\"widget\" data-widget_type=\"google_maps.default\">\n\t\t\t\t\t\t\t<div class=\"elementor-custom-embed\">\n\t\t\t<iframe loading=\"lazy\"\n\t\t\t\t\tsrc=\"https:\/\/maps.google.com\/maps?q=7%20Rue%20de%20la%20Crouzette%2C%2012160%20Moyraz%C3%A8s%2C%20France&#038;t=m&#038;z=14&#038;output=embed&#038;iwloc=near\"\n\t\t\t\t\ttitle=\"7 Rue de la Crouzette, 12160 Moyraz\u00e8s, France\"\n\t\t\t\t\taria-label=\"7 Rue de la Crouzette, 12160 Moyraz\u00e8s, France\"\n\t\t\t><\/iframe>\n\t\t<\/div>\n\t\t\t\t\t\t<\/div>\n\t\t\t\t<\/div>\n\t\t\t\t<\/div>\n\t\t","protected":false},"excerpt":{"rendered":"<p>Politique de confidentialit\u00e9 La confidentialit\u00e9 de vos informations personnelles est importante pour nous. C&rsquo;est pourquoi nous vous informons sur la [&hellip;]<\/p>\n","protected":false},"author":1,"featured_media":0,"parent":0,"menu_order":0,"comment_status":"closed","ping_status":"open","template":"elementor_header_footer","meta":{"site-sidebar-layout":"default","site-content-layout":"","ast-site-content-layout":"default","site-content-style":"default","site-sidebar-style":"default","ast-global-header-display":"","ast-banner-title-visibility":"","ast-main-header-display":"","ast-hfb-above-header-display":"","ast-hfb-below-header-display":"","ast-hfb-mobile-header-display":"","site-post-title":"","ast-breadcrumbs-content":"","ast-featured-img":"","footer-sml-layout":"","theme-transparent-header-meta":"","adv-header-id-meta":"","stick-header-meta":"","header-above-stick-meta":"","header-main-stick-meta":"","header-below-stick-meta":"","astra-migrate-meta-layouts":"default","ast-page-background-enabled":"default","ast-page-background-meta":{"desktop":{"background-color":"var(--ast-global-color-5)","background-image":"","background-repeat":"repeat","background-position":"center center","background-size":"auto","background-attachment":"scroll","background-type":"","background-media":"","overlay-type":"","overlay-color":"","overlay-opacity":"","overlay-gradient":""},"tablet":{"background-color":"","background-image":"","background-repeat":"repeat","background-position":"center center","background-size":"auto","background-attachment":"scroll","background-type":"","background-media":"","overlay-type":"","overlay-color":"","overlay-opacity":"","overlay-gradient":""},"mobile":{"background-color":"","background-image":"","background-repeat":"repeat","background-position":"center center","background-size":"auto","background-attachment":"scroll","background-type":"","background-media":"","overlay-type":"","overlay-color":"","overlay-opacity":"","overlay-gradient":""}},"ast-content-background-meta":{"desktop":{"background-color":"var(--ast-global-color-4)","background-image":"","background-repeat":"repeat","background-position":"center center","background-size":"auto","background-attachment":"scroll","background-type":"","background-media":"","overlay-type":"","overlay-color":"","overlay-opacity":"","overlay-gradient":""},"tablet":{"background-color":"var(--ast-global-color-4)","background-image":"","background-repeat":"repeat","background-position":"center center","background-size":"auto","background-attachment":"scroll","background-type":"","background-media":"","overlay-type":"","overlay-color":"","overlay-opacity":"","overlay-gradient":""},"mobile":{"background-color":"var(--ast-global-color-4)","background-image":"","background-repeat":"repeat","background-position":"center center","background-size":"auto","background-attachment":"scroll","background-type":"","background-media":"","overlay-type":"","overlay-color":"","overlay-opacity":"","overlay-gradient":""}},"footnotes":""},"class_list":["post-3","page","type-page","status-publish","hentry"],"yoast_head":"<!-- This site is optimized with the Yoast SEO plugin v26.1 - https:\/\/yoast.com\/wordpress\/plugins\/seo\/ -->\n<title>Politique de confidentialit\u00e9 - Eden Villa<\/title>\n<meta name=\"robots\" content=\"index, follow, max-snippet:-1, max-image-preview:large, max-video-preview:-1\" \/>\n<link rel=\"canonical\" href=\"https:\/\/eden-villa.com\/index.php\/politique-de-confidentialite\/\" \/>\n<meta property=\"og:locale\" content=\"fr_FR\" \/>\n<meta property=\"og:type\" content=\"article\" \/>\n<meta property=\"og:title\" content=\"Politique de confidentialit\u00e9 - Eden Villa\" \/>\n<meta property=\"og:description\" content=\"Politique de confidentialit\u00e9 La confidentialit\u00e9 de vos informations personnelles est importante pour nous. C&rsquo;est pourquoi nous vous informons sur la [&hellip;]\" \/>\n<meta property=\"og:url\" content=\"https:\/\/eden-villa.com\/index.php\/politique-de-confidentialite\/\" \/>\n<meta property=\"og:site_name\" content=\"Eden Villa\" \/>\n<meta property=\"article:modified_time\" content=\"2025-09-22T12:20:27+00:00\" \/>\n<meta name=\"twitter:card\" content=\"summary_large_image\" \/>\n<meta name=\"twitter:label1\" content=\"Dur\u00e9e de lecture estim\u00e9e\" \/>\n\t<meta name=\"twitter:data1\" content=\"1 minute\" \/>\n<script type=\"application\/ld+json\" class=\"yoast-schema-graph\">{\"@context\":\"https:\/\/schema.org\",\"@graph\":[{\"@type\":\"WebPage\",\"@id\":\"https:\/\/eden-villa.com\/index.php\/politique-de-confidentialite\/\",\"url\":\"https:\/\/eden-villa.com\/index.php\/politique-de-confidentialite\/\",\"name\":\"Politique de confidentialit\u00e9 - Eden Villa\",\"isPartOf\":{\"@id\":\"https:\/\/eden-villa.com\/#website\"},\"datePublished\":\"2025-09-06T06:58:34+00:00\",\"dateModified\":\"2025-09-22T12:20:27+00:00\",\"breadcrumb\":{\"@id\":\"https:\/\/eden-villa.com\/index.php\/politique-de-confidentialite\/#breadcrumb\"},\"inLanguage\":\"fr-FR\",\"potentialAction\":[{\"@type\":\"ReadAction\",\"target\":[\"https:\/\/eden-villa.com\/index.php\/politique-de-confidentialite\/\"]}]},{\"@type\":\"BreadcrumbList\",\"@id\":\"https:\/\/eden-villa.com\/index.php\/politique-de-confidentialite\/#breadcrumb\",\"itemListElement\":[{\"@type\":\"ListItem\",\"position\":1,\"name\":\"Accueil\",\"item\":\"https:\/\/eden-villa.com\/\"},{\"@type\":\"ListItem\",\"position\":2,\"name\":\"Politique de confidentialit\u00e9\"}]},{\"@type\":\"WebSite\",\"@id\":\"https:\/\/eden-villa.com\/#website\",\"url\":\"https:\/\/eden-villa.com\/\",\"name\":\"Eden Villa\",\"description\":\"Location Saisonni\u00e8re\",\"publisher\":{\"@id\":\"https:\/\/eden-villa.com\/#organization\"},\"potentialAction\":[{\"@type\":\"SearchAction\",\"target\":{\"@type\":\"EntryPoint\",\"urlTemplate\":\"https:\/\/eden-villa.com\/?s={search_term_string}\"},\"query-input\":{\"@type\":\"PropertyValueSpecification\",\"valueRequired\":true,\"valueName\":\"search_term_string\"}}],\"inLanguage\":\"fr-FR\"},{\"@type\":\"Organization\",\"@id\":\"https:\/\/eden-villa.com\/#organization\",\"name\":\"Eden Villa\",\"url\":\"https:\/\/eden-villa.com\/\",\"logo\":{\"@type\":\"ImageObject\",\"inLanguage\":\"fr-FR\",\"@id\":\"https:\/\/eden-villa.com\/#\/schema\/logo\/image\/\",\"url\":\"https:\/\/eden-villa.com\/wp-content\/uploads\/2025\/09\/WhatsApp-Image-2025-09-04-a-15.01.35_5da4485b.jpg\",\"contentUrl\":\"https:\/\/eden-villa.com\/wp-content\/uploads\/2025\/09\/WhatsApp-Image-2025-09-04-a-15.01.35_5da4485b.jpg\",\"width\":1024,\"height\":1024,\"caption\":\"Eden Villa\"},\"image\":{\"@id\":\"https:\/\/eden-villa.com\/#\/schema\/logo\/image\/\"}}]}<\/script>\n<!-- \/ Yoast SEO plugin. -->","yoast_head_json":{"title":"Politique de confidentialit\u00e9 - Eden Villa","robots":{"index":"index","follow":"follow","max-snippet":"max-snippet:-1","max-image-preview":"max-image-preview:large","max-video-preview":"max-video-preview:-1"},"canonical":"https:\/\/eden-villa.com\/index.php\/politique-de-confidentialite\/","og_locale":"fr_FR","og_type":"article","og_title":"Politique de confidentialit\u00e9 - Eden Villa","og_description":"Politique de confidentialit\u00e9 La confidentialit\u00e9 de vos informations personnelles est importante pour nous. C&rsquo;est pourquoi nous vous informons sur la [&hellip;]","og_url":"https:\/\/eden-villa.com\/index.php\/politique-de-confidentialite\/","og_site_name":"Eden Villa","article_modified_time":"2025-09-22T12:20:27+00:00","twitter_card":"summary_large_image","twitter_misc":{"Dur\u00e9e de lecture estim\u00e9e":"1 minute"},"schema":{"@context":"https:\/\/schema.org","@graph":[{"@type":"WebPage","@id":"https:\/\/eden-villa.com\/index.php\/politique-de-confidentialite\/","url":"https:\/\/eden-villa.com\/index.php\/politique-de-confidentialite\/","name":"Politique de confidentialit\u00e9 - Eden Villa","isPartOf":{"@id":"https:\/\/eden-villa.com\/#website"},"datePublished":"2025-09-06T06:58:34+00:00","dateModified":"2025-09-22T12:20:27+00:00","breadcrumb":{"@id":"https:\/\/eden-villa.com\/index.php\/politique-de-confidentialite\/#breadcrumb"},"inLanguage":"fr-FR","potentialAction":[{"@type":"ReadAction","target":["https:\/\/eden-villa.com\/index.php\/politique-de-confidentialite\/"]}]},{"@type":"BreadcrumbList","@id":"https:\/\/eden-villa.com\/index.php\/politique-de-confidentialite\/#breadcrumb","itemListElement":[{"@type":"ListItem","position":1,"name":"Accueil","item":"https:\/\/eden-villa.com\/"},{"@type":"ListItem","position":2,"name":"Politique de confidentialit\u00e9"}]},{"@type":"WebSite","@id":"https:\/\/eden-villa.com\/#website","url":"https:\/\/eden-villa.com\/","name":"Eden Villa","description":"Location Saisonni\u00e8re","publisher":{"@id":"https:\/\/eden-villa.com\/#organization"},"potentialAction":[{"@type":"SearchAction","target":{"@type":"EntryPoint","urlTemplate":"https:\/\/eden-villa.com\/?s={search_term_string}"},"query-input":{"@type":"PropertyValueSpecification","valueRequired":true,"valueName":"search_term_string"}}],"inLanguage":"fr-FR"},{"@type":"Organization","@id":"https:\/\/eden-villa.com\/#organization","name":"Eden Villa","url":"https:\/\/eden-villa.com\/","logo":{"@type":"ImageObject","inLanguage":"fr-FR","@id":"https:\/\/eden-villa.com\/#\/schema\/logo\/image\/","url":"https:\/\/eden-villa.com\/wp-content\/uploads\/2025\/09\/WhatsApp-Image-2025-09-04-a-15.01.35_5da4485b.jpg","contentUrl":"https:\/\/eden-villa.com\/wp-content\/uploads\/2025\/09\/WhatsApp-Image-2025-09-04-a-15.01.35_5da4485b.jpg","width":1024,"height":1024,"caption":"Eden Villa"},"image":{"@id":"https:\/\/eden-villa.com\/#\/schema\/logo\/image\/"}}]}},"_links":{"self":[{"href":"https:\/\/eden-villa.com\/index.php\/wp-json\/wp\/v2\/pages\/3","targetHints":{"allow":["GET"]}}],"collection":[{"href":"https:\/\/eden-villa.com\/index.php\/wp-json\/wp\/v2\/pages"}],"about":[{"href":"https:\/\/eden-villa.com\/index.php\/wp-json\/wp\/v2\/types\/page"}],"author":[{"embeddable":true,"href":"https:\/\/eden-villa.com\/index.php\/wp-json\/wp\/v2\/users\/1"}],"replies":[{"embeddable":true,"href":"https:\/\/eden-villa.com\/index.php\/wp-json\/wp\/v2\/comments?post=3"}],"version-history":[{"count":12,"href":"https:\/\/eden-villa.com\/index.php\/wp-json\/wp\/v2\/pages\/3\/revisions"}],"predecessor-version":[{"id":440,"href":"https:\/\/eden-villa.com\/index.php\/wp-json\/wp\/v2\/pages\/3\/revisions\/440"}],"wp:attachment":[{"href":"https:\/\/eden-villa.com\/index.php\/wp-json\/wp\/v2\/media?parent=3"}],"curies":[{"name":"wp","href":"https:\/\/api.w.org\/{rel}","templated":true}]}}