{"id":246,"date":"2025-09-15T16:13:42","date_gmt":"2025-09-15T14:13:42","guid":{"rendered":"https:\/\/eden-villa.com\/?page_id=246"},"modified":"2025-11-09T18:01:42","modified_gmt":"2025-11-09T17:01:42","slug":"mentions","status":"publish","type":"page","link":"https:\/\/eden-villa.com\/index.php\/mentions\/","title":{"rendered":"Mentions l\u00e9gales"},"content":{"rendered":"\t\t<div data-elementor-type=\"wp-page\" data-elementor-id=\"246\" class=\"elementor elementor-246\">\n\t\t\t\t<div class=\"elementor-element elementor-element-40e58c2 e-con-full e-flex e-con e-parent\" data-id=\"40e58c2\" data-element_type=\"container\">\n\t\t<div class=\"elementor-element elementor-element-453ab49 e-con-full e-flex e-con e-child\" data-id=\"453ab49\" data-element_type=\"container\">\n\t\t\t\t<div class=\"elementor-element elementor-element-d7837d5 elementor-widget elementor-widget-heading\" data-id=\"d7837d5\" data-element_type=\"widget\" data-widget_type=\"heading.default\">\n\t\t\t\t\t<h2 class=\"elementor-heading-title elementor-size-default\">MENTIONS L\u00c9GALES<\/h2>\t\t\t\t<\/div>\n\t\t\t\t<\/div>\n\t\t\t\t<div class=\"elementor-element elementor-element-275c770 elementor-widget elementor-widget-text-editor\" data-id=\"275c770\" data-element_type=\"widget\" data-widget_type=\"text-editor.default\">\n\t\t\t\t\t\t\t\t\t<p>Conform\u00e9ment aux dispositions des articles 6-III et 19 de la Loi n\u00b02004-575 du 21 juin 2004 pour la Confiance dans l\u2019\u00e9conomie num\u00e9rique (LCEN), il est pr\u00e9cis\u00e9 aux utilisateurs du site <a href=\"http:\/\/eden-villa.com\"><span style=\"text-decoration: underline;\">eden-villa.com<\/span><\/a> les pr\u00e9sentes mentions l\u00e9gales.<\/p><p><span style=\"font-style: inherit; font-weight: inherit;\">1. \u00c9diteur du site<\/span><\/p><p><span style=\"font-style: inherit; font-weight: inherit;\">Nom du site : eden-villa.com<\/span><\/p><p>Adresse : 7 Rue de la Crouzette, 12160 Moyraz\u00e8s, France<\/p><p>Email de contact : villaeden.aveyron@gmail.com<\/p><p>Statut : Location saisonni\u00e8re \u00e0 titre particulier (non professionnel)<\/p><p>2. H\u00e9bergement<\/p><p>Le site est h\u00e9berg\u00e9 par :<\/p><p>lws.com Ltd<\/p><p>Adresse : 40 Namal Tel Aviv St., Tel Aviv 6350671, Isra\u00ebl<\/p><p><a href=\"https:\/\/eden-villa.com\/#contact\" target=\"_blank\" rel=\"noopener\">https:\/\/eden-villa.com\/#contact<\/a><\/p><p>3. Propri\u00e9t\u00e9 intellectuelle<\/p><p>Le contenu du site (textes, images, logo, etc.) est la propri\u00e9t\u00e9 exclusive de eden-villa.com, sauf mention contraire.<\/p><p>Toute reproduction ou utilisation sans autorisation est interdite.<\/p><p>4. Donn\u00e9es personnelles<\/p><p>Les donn\u00e9es collect\u00e9es via le formulaire de contact sont trait\u00e9es conform\u00e9ment \u00e0 la Politique de confidentialit\u00e9\u00a0<\/p><p>5. Cookies<\/p><p>Le site peut utiliser des cookies n\u00e9cessaires \u00e0 son bon fonctionnement. Pour en savoir plus, consultez la Politique de confidentialit\u00e9.<\/p><p>6. Loi applicable<\/p><p>Les pr\u00e9sentes mentions l\u00e9gales sont r\u00e9gies par le droit fran\u00e7ais.<\/p><p>En cas de litige, les tribunaux fran\u00e7ais seront comp\u00e9tents.<\/p><p>La Commission europ\u00e9enne met \u00e0 disposition une plateforme de r\u00e8glement des litiges en ligne (RLL). Cette plateforme est accessible \u00e0 l&rsquo;adresse http:\/\/ec.europa.eu\/consumers\/odr\/. En cas de litige, les clients ont la possibilit\u00e9 de contacter le conseil d&rsquo;arbitrage de la Commission europ\u00e9enne. Nous ne sommes ni dispos\u00e9s, ni oblig\u00e9s de participer \u00e0 une proc\u00e9dure de r\u00e8glement des litiges devant un conseil d&rsquo;arbitrage de la consommation.<\/p>\t\t\t\t\t\t\t\t<\/div>\n\t\t\t\t<\/div>\n\t\t\t\t<\/div>\n\t\t","protected":false},"excerpt":{"rendered":"<p>MENTIONS L\u00c9GALES Conform\u00e9ment aux dispositions des articles 6-III et 19 de la Loi n\u00b02004-575 du 21 juin 2004 pour la [&hellip;]<\/p>\n","protected":false},"author":1,"featured_media":0,"parent":0,"menu_order":0,"comment_status":"closed","ping_status":"closed","template":"elementor_header_footer","meta":{"site-sidebar-layout":"no-sidebar","site-content-layout":"","ast-site-content-layout":"full-width-container","site-content-style":"default","site-sidebar-style":"default","ast-global-header-display":"","ast-banner-title-visibility":"","ast-main-header-display":"","ast-hfb-above-header-display":"","ast-hfb-below-header-display":"","ast-hfb-mobile-header-display":"","site-post-title":"","ast-breadcrumbs-content":"","ast-featured-img":"disabled","footer-sml-layout":"","theme-transparent-header-meta":"","adv-header-id-meta":"","stick-header-meta":"","header-above-stick-meta":"","header-main-stick-meta":"","header-below-stick-meta":"","astra-migrate-meta-layouts":"default","ast-page-background-enabled":"default","ast-page-background-meta":{"desktop":{"background-color":"var(--ast-global-color-5)","background-image":"","background-repeat":"repeat","background-position":"center center","background-size":"auto","background-attachment":"scroll","background-type":"","background-media":"","overlay-type":"","overlay-color":"","overlay-opacity":"","overlay-gradient":""},"tablet":{"background-color":"","background-image":"","background-repeat":"repeat","background-position":"center center","background-size":"auto","background-attachment":"scroll","background-type":"","background-media":"","overlay-type":"","overlay-color":"","overlay-opacity":"","overlay-gradient":""},"mobile":{"background-color":"","background-image":"","background-repeat":"repeat","background-position":"center center","background-size":"auto","background-attachment":"scroll","background-type":"","background-media":"","overlay-type":"","overlay-color":"","overlay-opacity":"","overlay-gradient":""}},"ast-content-background-meta":{"desktop":{"background-color":"var(--ast-global-color-4)","background-image":"","background-repeat":"repeat","background-position":"center center","background-size":"auto","background-attachment":"scroll","background-type":"","background-media":"","overlay-type":"","overlay-color":"","overlay-opacity":"","overlay-gradient":""},"tablet":{"background-color":"var(--ast-global-color-4)","background-image":"","background-repeat":"repeat","background-position":"center center","background-size":"auto","background-attachment":"scroll","background-type":"","background-media":"","overlay-type":"","overlay-color":"","overlay-opacity":"","overlay-gradient":""},"mobile":{"background-color":"var(--ast-global-color-4)","background-image":"","background-repeat":"repeat","background-position":"center center","background-size":"auto","background-attachment":"scroll","background-type":"","background-media":"","overlay-type":"","overlay-color":"","overlay-opacity":"","overlay-gradient":""}},"footnotes":""},"class_list":["post-246","page","type-page","status-publish","hentry"],"yoast_head":"<!-- This site is optimized with the Yoast SEO plugin v26.1 - https:\/\/yoast.com\/wordpress\/plugins\/seo\/ -->\n<title>Mentions l\u00e9gales - Eden Villa<\/title>\n<meta name=\"robots\" content=\"index, follow, max-snippet:-1, max-image-preview:large, max-video-preview:-1\" \/>\n<link rel=\"canonical\" href=\"https:\/\/eden-villa.com\/index.php\/mentions\/\" \/>\n<meta property=\"og:locale\" content=\"fr_FR\" \/>\n<meta property=\"og:type\" content=\"article\" \/>\n<meta property=\"og:title\" content=\"Mentions l\u00e9gales - Eden Villa\" \/>\n<meta property=\"og:description\" content=\"MENTIONS L\u00c9GALES Conform\u00e9ment aux dispositions des articles 6-III et 19 de la Loi n\u00b02004-575 du 21 juin 2004 pour la [&hellip;]\" \/>\n<meta property=\"og:url\" content=\"https:\/\/eden-villa.com\/index.php\/mentions\/\" \/>\n<meta property=\"og:site_name\" content=\"Eden Villa\" \/>\n<meta property=\"article:modified_time\" content=\"2025-11-09T17:01:42+00:00\" \/>\n<meta name=\"twitter:card\" content=\"summary_large_image\" \/>\n<meta name=\"twitter:label1\" content=\"Dur\u00e9e de lecture estim\u00e9e\" \/>\n\t<meta name=\"twitter:data1\" content=\"2 minutes\" \/>\n<script type=\"application\/ld+json\" class=\"yoast-schema-graph\">{\"@context\":\"https:\/\/schema.org\",\"@graph\":[{\"@type\":\"WebPage\",\"@id\":\"https:\/\/eden-villa.com\/index.php\/mentions\/\",\"url\":\"https:\/\/eden-villa.com\/index.php\/mentions\/\",\"name\":\"Mentions l\u00e9gales - Eden Villa\",\"isPartOf\":{\"@id\":\"https:\/\/eden-villa.com\/#website\"},\"datePublished\":\"2025-09-15T14:13:42+00:00\",\"dateModified\":\"2025-11-09T17:01:42+00:00\",\"breadcrumb\":{\"@id\":\"https:\/\/eden-villa.com\/index.php\/mentions\/#breadcrumb\"},\"inLanguage\":\"fr-FR\",\"potentialAction\":[{\"@type\":\"ReadAction\",\"target\":[\"https:\/\/eden-villa.com\/index.php\/mentions\/\"]}]},{\"@type\":\"BreadcrumbList\",\"@id\":\"https:\/\/eden-villa.com\/index.php\/mentions\/#breadcrumb\",\"itemListElement\":[{\"@type\":\"ListItem\",\"position\":1,\"name\":\"Accueil\",\"item\":\"https:\/\/eden-villa.com\/\"},{\"@type\":\"ListItem\",\"position\":2,\"name\":\"Mentions l\u00e9gales\"}]},{\"@type\":\"WebSite\",\"@id\":\"https:\/\/eden-villa.com\/#website\",\"url\":\"https:\/\/eden-villa.com\/\",\"name\":\"Eden Villa\",\"description\":\"Location Saisonni\u00e8re\",\"publisher\":{\"@id\":\"https:\/\/eden-villa.com\/#organization\"},\"potentialAction\":[{\"@type\":\"SearchAction\",\"target\":{\"@type\":\"EntryPoint\",\"urlTemplate\":\"https:\/\/eden-villa.com\/?s={search_term_string}\"},\"query-input\":{\"@type\":\"PropertyValueSpecification\",\"valueRequired\":true,\"valueName\":\"search_term_string\"}}],\"inLanguage\":\"fr-FR\"},{\"@type\":\"Organization\",\"@id\":\"https:\/\/eden-villa.com\/#organization\",\"name\":\"Eden Villa\",\"url\":\"https:\/\/eden-villa.com\/\",\"logo\":{\"@type\":\"ImageObject\",\"inLanguage\":\"fr-FR\",\"@id\":\"https:\/\/eden-villa.com\/#\/schema\/logo\/image\/\",\"url\":\"https:\/\/eden-villa.com\/wp-content\/uploads\/2025\/09\/WhatsApp-Image-2025-09-04-a-15.01.35_5da4485b.jpg\",\"contentUrl\":\"https:\/\/eden-villa.com\/wp-content\/uploads\/2025\/09\/WhatsApp-Image-2025-09-04-a-15.01.35_5da4485b.jpg\",\"width\":1024,\"height\":1024,\"caption\":\"Eden Villa\"},\"image\":{\"@id\":\"https:\/\/eden-villa.com\/#\/schema\/logo\/image\/\"}}]}<\/script>\n<!-- \/ Yoast SEO plugin. -->","yoast_head_json":{"title":"Mentions l\u00e9gales - Eden Villa","robots":{"index":"index","follow":"follow","max-snippet":"max-snippet:-1","max-image-preview":"max-image-preview:large","max-video-preview":"max-video-preview:-1"},"canonical":"https:\/\/eden-villa.com\/index.php\/mentions\/","og_locale":"fr_FR","og_type":"article","og_title":"Mentions l\u00e9gales - Eden Villa","og_description":"MENTIONS L\u00c9GALES Conform\u00e9ment aux dispositions des articles 6-III et 19 de la Loi n\u00b02004-575 du 21 juin 2004 pour la [&hellip;]","og_url":"https:\/\/eden-villa.com\/index.php\/mentions\/","og_site_name":"Eden Villa","article_modified_time":"2025-11-09T17:01:42+00:00","twitter_card":"summary_large_image","twitter_misc":{"Dur\u00e9e de lecture estim\u00e9e":"2 minutes"},"schema":{"@context":"https:\/\/schema.org","@graph":[{"@type":"WebPage","@id":"https:\/\/eden-villa.com\/index.php\/mentions\/","url":"https:\/\/eden-villa.com\/index.php\/mentions\/","name":"Mentions l\u00e9gales - Eden Villa","isPartOf":{"@id":"https:\/\/eden-villa.com\/#website"},"datePublished":"2025-09-15T14:13:42+00:00","dateModified":"2025-11-09T17:01:42+00:00","breadcrumb":{"@id":"https:\/\/eden-villa.com\/index.php\/mentions\/#breadcrumb"},"inLanguage":"fr-FR","potentialAction":[{"@type":"ReadAction","target":["https:\/\/eden-villa.com\/index.php\/mentions\/"]}]},{"@type":"BreadcrumbList","@id":"https:\/\/eden-villa.com\/index.php\/mentions\/#breadcrumb","itemListElement":[{"@type":"ListItem","position":1,"name":"Accueil","item":"https:\/\/eden-villa.com\/"},{"@type":"ListItem","position":2,"name":"Mentions l\u00e9gales"}]},{"@type":"WebSite","@id":"https:\/\/eden-villa.com\/#website","url":"https:\/\/eden-villa.com\/","name":"Eden Villa","description":"Location Saisonni\u00e8re","publisher":{"@id":"https:\/\/eden-villa.com\/#organization"},"potentialAction":[{"@type":"SearchAction","target":{"@type":"EntryPoint","urlTemplate":"https:\/\/eden-villa.com\/?s={search_term_string}"},"query-input":{"@type":"PropertyValueSpecification","valueRequired":true,"valueName":"search_term_string"}}],"inLanguage":"fr-FR"},{"@type":"Organization","@id":"https:\/\/eden-villa.com\/#organization","name":"Eden Villa","url":"https:\/\/eden-villa.com\/","logo":{"@type":"ImageObject","inLanguage":"fr-FR","@id":"https:\/\/eden-villa.com\/#\/schema\/logo\/image\/","url":"https:\/\/eden-villa.com\/wp-content\/uploads\/2025\/09\/WhatsApp-Image-2025-09-04-a-15.01.35_5da4485b.jpg","contentUrl":"https:\/\/eden-villa.com\/wp-content\/uploads\/2025\/09\/WhatsApp-Image-2025-09-04-a-15.01.35_5da4485b.jpg","width":1024,"height":1024,"caption":"Eden Villa"},"image":{"@id":"https:\/\/eden-villa.com\/#\/schema\/logo\/image\/"}}]}},"_links":{"self":[{"href":"https:\/\/eden-villa.com\/index.php\/wp-json\/wp\/v2\/pages\/246","targetHints":{"allow":["GET"]}}],"collection":[{"href":"https:\/\/eden-villa.com\/index.php\/wp-json\/wp\/v2\/pages"}],"about":[{"href":"https:\/\/eden-villa.com\/index.php\/wp-json\/wp\/v2\/types\/page"}],"author":[{"embeddable":true,"href":"https:\/\/eden-villa.com\/index.php\/wp-json\/wp\/v2\/users\/1"}],"replies":[{"embeddable":true,"href":"https:\/\/eden-villa.com\/index.php\/wp-json\/wp\/v2\/comments?post=246"}],"version-history":[{"count":28,"href":"https:\/\/eden-villa.com\/index.php\/wp-json\/wp\/v2\/pages\/246\/revisions"}],"predecessor-version":[{"id":813,"href":"https:\/\/eden-villa.com\/index.php\/wp-json\/wp\/v2\/pages\/246\/revisions\/813"}],"wp:attachment":[{"href":"https:\/\/eden-villa.com\/index.php\/wp-json\/wp\/v2\/media?parent=246"}],"curies":[{"name":"wp","href":"https:\/\/api.w.org\/{rel}","templated":true}]}}